{"id":3599,"date":"2025-06-02T09:37:27","date_gmt":"2025-06-02T08:37:27","guid":{"rendered":"https:\/\/estetika-paradiso.com\/product\/koencim-q10-90-tablet\/"},"modified":"2025-06-02T09:39:36","modified_gmt":"2025-06-02T08:39:36","slug":"koencim-q10-90-tablet","status":"publish","type":"product","link":"https:\/\/estetika-paradiso.com\/hr\/proizvod\/koencim-q10-90-tablet\/","title":{"rendered":"KOENCIM Q10 (90 tableta)"},"content":{"rendered":"<p data-start=\"48\" data-end=\"243\"><strong data-start=\"48\" data-end=\"63\">Koenzim Q10<\/strong> je tvari prirodno prisutna u tijelu koja igra va\u017enu ulogu u proizvodnji energije u stanicama. Rije\u010d je o sna\u017enom prirodnom antioksidansu koji \u0161titi stanice od oksidativnog stresa.<\/p>\n<p data-start=\"245\" data-end=\"432\">Q10 posebno podr\u017eava tkiva s visokim energetskim potrebama \u2013 srce, bubrege, jetru i mi\u0161i\u0107e. Doprinosi op\u0107oj vitalnosti, osobito u razdobljima pove\u0107anih tjelesnih zahtjeva u starijoj dobi.<\/p>\n<p data-start=\"434\" data-end=\"602\" data-is-last-node=\"\" data-is-only-node=\"\">Koenzim Q10 pove\u0107ava proizvodnju energije u stanicama ko\u017ee te poma\u017ee smanjiti pojavu bora i sitnih linija jer pobolj\u0161ava elasti\u010dnost ko\u017ee i podr\u017eava stvaranje kolagena.<\/p>\n","protected":false},"excerpt":{"rendered":"<p><strong>Koenzim Q10 djeluje kao antioksidans i \u0161titi ko\u017eu od \u0161tetnih utjecaja iz okoline te od oksidativnog stresa.<\/strong><\/p>\n<p>Prirodno bez glutena i bez laktoze.<br \/>\nBez soje, GMO-a i fruktoze. Pogodno za vegane.<\/p>\n","protected":false},"featured_media":3598,"template":"","meta":{"_acf_changed":false,"inline_featured_image":false},"product_brand":[],"product_cat":[198,196],"product_tag":[],"class_list":{"0":"post-3599","1":"product","2":"type-product","3":"status-publish","4":"has-post-thumbnail","6":"product_cat-best-seller-hr","7":"product_cat-dodaci-prehrani","9":"first","10":"instock","11":"shipping-taxable","12":"purchasable","13":"product-type-simple"},"acf":[],"_links":{"self":[{"href":"https:\/\/estetika-paradiso.com\/hr\/wp-json\/wp\/v2\/product\/3599","targetHints":{"allow":["GET"]}}],"collection":[{"href":"https:\/\/estetika-paradiso.com\/hr\/wp-json\/wp\/v2\/product"}],"about":[{"href":"https:\/\/estetika-paradiso.com\/hr\/wp-json\/wp\/v2\/types\/product"}],"wp:featuredmedia":[{"embeddable":true,"href":"https:\/\/estetika-paradiso.com\/hr\/wp-json\/wp\/v2\/media\/3598"}],"wp:attachment":[{"href":"https:\/\/estetika-paradiso.com\/hr\/wp-json\/wp\/v2\/media?parent=3599"}],"wp:term":[{"taxonomy":"product_brand","embeddable":true,"href":"https:\/\/estetika-paradiso.com\/hr\/wp-json\/wp\/v2\/product_brand?post=3599"},{"taxonomy":"product_cat","embeddable":true,"href":"https:\/\/estetika-paradiso.com\/hr\/wp-json\/wp\/v2\/product_cat?post=3599"},{"taxonomy":"product_tag","embeddable":true,"href":"https:\/\/estetika-paradiso.com\/hr\/wp-json\/wp\/v2\/product_tag?post=3599"}],"curies":[{"name":"wp","href":"https:\/\/api.w.org\/{rel}","templated":true}]}}