{"id":3605,"date":"2025-06-02T09:42:45","date_gmt":"2025-06-02T08:42:45","guid":{"rendered":"https:\/\/estetika-paradiso.com\/product\/selen-in-cink-90-tablet\/"},"modified":"2025-06-02T09:44:18","modified_gmt":"2025-06-02T08:44:18","slug":"selen-in-cink-90-tablet","status":"publish","type":"product","link":"https:\/\/estetika-paradiso.com\/hr\/proizvod\/selen-in-cink-90-tablet\/","title":{"rendered":"SELEN IN CINK (90 tableta)"},"content":{"rendered":"<p data-start=\"47\" data-end=\"401\"><strong data-start=\"47\" data-end=\"167\">Cink i selen imaju klju\u010dnu ulogu u funkciji imunolo\u0161kog sustava te doprinose za\u0161titi stanica od oksidativnog stresa.<\/strong><br data-start=\"167\" data-end=\"170\" \/>Cink sudjeluje u metabolizmu kiselina i baza, ugljikohidrata, masnih kiselina, makronutrijenata, vitamina A te u sintezi DNK i proteina. Osim toga, ima va\u017enu ulogu u kognitivnim funkcijama, plodnosti, razmno\u017eavanju i diobi stanica.<\/p>\n<p data-start=\"403\" data-end=\"472\"><strong data-start=\"403\" data-end=\"412\">Selen<\/strong> ima zna\u010dajnu ulogu u radu \u0161titnja\u010de i u stvaranju spermija.<\/p>\n<p data-start=\"474\" data-end=\"635\" data-is-last-node=\"\" data-is-only-node=\"\">Oba elementa doprinose o\u010duvanju zdravlja kose i noktiju.<br data-start=\"530\" data-end=\"533\" \/>Cink dodatno doprinosi zdravlju kostiju, ko\u017ee, vida te odr\u017eavanju normalne razine testosterona u krvi.<\/p>\n","protected":false},"excerpt":{"rendered":"<p data-start=\"47\" data-end=\"157\"><strong data-start=\"47\" data-end=\"157\">Cink i selen zajedno podr\u017eavaju klju\u010dne funkcije tijela te poma\u017eu u o\u010duvanju vitalnosti i zdravog izgleda.<\/strong><\/p>\n<p data-start=\"159\" data-end=\"243\" data-is-last-node=\"\" data-is-only-node=\"\">Prirodno bez glutena i bez laktoze.<br data-start=\"194\" data-end=\"197\" \/>Bez soje, GMO-a i fruktoze. Pogodno za vegane.<\/p>\n","protected":false},"featured_media":3602,"template":"","meta":{"_acf_changed":false,"inline_featured_image":false},"product_brand":[],"product_cat":[198,196],"product_tag":[],"class_list":{"0":"post-3605","1":"product","2":"type-product","3":"status-publish","4":"has-post-thumbnail","6":"product_cat-best-seller-hr","7":"product_cat-dodaci-prehrani","9":"first","10":"instock","11":"shipping-taxable","12":"purchasable","13":"product-type-simple"},"acf":[],"_links":{"self":[{"href":"https:\/\/estetika-paradiso.com\/hr\/wp-json\/wp\/v2\/product\/3605","targetHints":{"allow":["GET"]}}],"collection":[{"href":"https:\/\/estetika-paradiso.com\/hr\/wp-json\/wp\/v2\/product"}],"about":[{"href":"https:\/\/estetika-paradiso.com\/hr\/wp-json\/wp\/v2\/types\/product"}],"wp:featuredmedia":[{"embeddable":true,"href":"https:\/\/estetika-paradiso.com\/hr\/wp-json\/wp\/v2\/media\/3602"}],"wp:attachment":[{"href":"https:\/\/estetika-paradiso.com\/hr\/wp-json\/wp\/v2\/media?parent=3605"}],"wp:term":[{"taxonomy":"product_brand","embeddable":true,"href":"https:\/\/estetika-paradiso.com\/hr\/wp-json\/wp\/v2\/product_brand?post=3605"},{"taxonomy":"product_cat","embeddable":true,"href":"https:\/\/estetika-paradiso.com\/hr\/wp-json\/wp\/v2\/product_cat?post=3605"},{"taxonomy":"product_tag","embeddable":true,"href":"https:\/\/estetika-paradiso.com\/hr\/wp-json\/wp\/v2\/product_tag?post=3605"}],"curies":[{"name":"wp","href":"https:\/\/api.w.org\/{rel}","templated":true}]}}