{"id":3610,"date":"2025-06-02T09:47:16","date_gmt":"2025-06-02T08:47:16","guid":{"rendered":"https:\/\/estetika-paradiso.com\/product\/biotin-90-kapsul\/"},"modified":"2025-06-02T09:48:41","modified_gmt":"2025-06-02T08:48:41","slug":"biotin-90-kapsul","status":"publish","type":"product","link":"https:\/\/estetika-paradiso.com\/hr\/proizvod\/biotin-90-kapsul\/","title":{"rendered":"BIOTIN (90 kapsula)"},"content":{"rendered":"<p data-start=\"47\" data-end=\"238\"><strong data-start=\"47\" data-end=\"238\">Biotin doprinosi osloba\u0111anju energije tijekom metabolizma te ima ulogu u metabolizmu makronutrijenata. Podr\u017eava funkciju \u017eiv\u010danog sustava i doprinosi normalnom psiholo\u0161kom funkcioniranju.<\/strong><\/p>\n<p data-start=\"240\" data-end=\"312\" data-is-last-node=\"\" data-is-only-node=\"\">Osim toga, <strong data-start=\"251\" data-end=\"312\" data-is-last-node=\"\">biotin doprinosi o\u010duvanju zdravlja kose, ko\u017ee i sluznica.<\/strong><\/p>\n","protected":false},"excerpt":{"rendered":"<p data-start=\"47\" data-end=\"208\"><strong data-start=\"47\" data-end=\"208\">Biotin je prikladan za sve koji \u017eele podr\u017eati zdravlje svoje kose i ko\u017ee, a istovremeno doprinijeti optimalnom funkcioniranju metabolizma i \u017eiv\u010danog sustava.<\/strong><\/p>\n<p data-start=\"210\" data-end=\"294\" data-is-last-node=\"\" data-is-only-node=\"\">Prirodno bez glutena i bez laktoze.<br data-start=\"245\" data-end=\"248\" \/>Bez soje, GMO-a i fruktoze. Pogodno za vegane.<\/p>\n","protected":false},"featured_media":3609,"template":"","meta":{"_acf_changed":false,"inline_featured_image":false},"product_brand":[],"product_cat":[198,196],"product_tag":[],"class_list":{"0":"post-3610","1":"product","2":"type-product","3":"status-publish","4":"has-post-thumbnail","6":"product_cat-best-seller-hr","7":"product_cat-dodaci-prehrani","9":"first","10":"instock","11":"shipping-taxable","12":"purchasable","13":"product-type-simple"},"acf":[],"_links":{"self":[{"href":"https:\/\/estetika-paradiso.com\/hr\/wp-json\/wp\/v2\/product\/3610","targetHints":{"allow":["GET"]}}],"collection":[{"href":"https:\/\/estetika-paradiso.com\/hr\/wp-json\/wp\/v2\/product"}],"about":[{"href":"https:\/\/estetika-paradiso.com\/hr\/wp-json\/wp\/v2\/types\/product"}],"wp:featuredmedia":[{"embeddable":true,"href":"https:\/\/estetika-paradiso.com\/hr\/wp-json\/wp\/v2\/media\/3609"}],"wp:attachment":[{"href":"https:\/\/estetika-paradiso.com\/hr\/wp-json\/wp\/v2\/media?parent=3610"}],"wp:term":[{"taxonomy":"product_brand","embeddable":true,"href":"https:\/\/estetika-paradiso.com\/hr\/wp-json\/wp\/v2\/product_brand?post=3610"},{"taxonomy":"product_cat","embeddable":true,"href":"https:\/\/estetika-paradiso.com\/hr\/wp-json\/wp\/v2\/product_cat?post=3610"},{"taxonomy":"product_tag","embeddable":true,"href":"https:\/\/estetika-paradiso.com\/hr\/wp-json\/wp\/v2\/product_tag?post=3610"}],"curies":[{"name":"wp","href":"https:\/\/api.w.org\/{rel}","templated":true}]}}