{"id":4041,"date":"2025-07-29T19:49:09","date_gmt":"2025-07-29T18:49:09","guid":{"rendered":"https:\/\/estetika-paradiso.com\/product\/darilni-bon-za-cosmo-peel\/"},"modified":"2025-07-29T19:52:08","modified_gmt":"2025-07-29T18:52:08","slug":"darilni-bon-za-cosmo-peel","status":"publish","type":"product","link":"https:\/\/estetika-paradiso.com\/hr\/proizvod\/darilni-bon-za-cosmo-peel\/","title":{"rendered":"Poklon bon za Cosmo peel"},"content":{"rendered":"<p class=\"pricing-item-description\"><strong data-start=\"35\" data-end=\"56\">Kiselinski piling<\/strong>, namijenjen pobolj\u0161anju teksture i tonusa ko\u017ee, poreme\u0107aja pigmentacije te za intenzivnu obnovu ko\u017ee.<br data-start=\"158\" data-end=\"161\" \/><strong data-start=\"161\" data-end=\"194\">PREPORU\u010cENA IZVEDBA TRETMANA:<\/strong> 1\u20134 tretmana u razmaku od 2\u20133 tjedna.<br data-start=\"232\" data-end=\"235\" \/>\/\/ Nakon tretmana obavezna je kupnja proizvoda za njegu kod ku\u0107e (K Ceutic pjena i K Ceutic krema).<\/p>\n","protected":false},"excerpt":{"rendered":"<p>Poklon bon za kiselinski piling Cosmo peel<\/p>\n","protected":false},"featured_media":3904,"template":"","meta":{"_acf_changed":false,"inline_featured_image":false},"product_brand":[],"product_cat":[199],"product_tag":[],"class_list":{"0":"post-4041","1":"product","2":"type-product","3":"status-publish","4":"has-post-thumbnail","6":"product_cat-poklon-bonovi","8":"first","9":"instock","10":"shipping-taxable","11":"purchasable","12":"product-type-simple"},"acf":[],"_links":{"self":[{"href":"https:\/\/estetika-paradiso.com\/hr\/wp-json\/wp\/v2\/product\/4041","targetHints":{"allow":["GET"]}}],"collection":[{"href":"https:\/\/estetika-paradiso.com\/hr\/wp-json\/wp\/v2\/product"}],"about":[{"href":"https:\/\/estetika-paradiso.com\/hr\/wp-json\/wp\/v2\/types\/product"}],"wp:featuredmedia":[{"embeddable":true,"href":"https:\/\/estetika-paradiso.com\/hr\/wp-json\/wp\/v2\/media\/3904"}],"wp:attachment":[{"href":"https:\/\/estetika-paradiso.com\/hr\/wp-json\/wp\/v2\/media?parent=4041"}],"wp:term":[{"taxonomy":"product_brand","embeddable":true,"href":"https:\/\/estetika-paradiso.com\/hr\/wp-json\/wp\/v2\/product_brand?post=4041"},{"taxonomy":"product_cat","embeddable":true,"href":"https:\/\/estetika-paradiso.com\/hr\/wp-json\/wp\/v2\/product_cat?post=4041"},{"taxonomy":"product_tag","embeddable":true,"href":"https:\/\/estetika-paradiso.com\/hr\/wp-json\/wp\/v2\/product_tag?post=4041"}],"curies":[{"name":"wp","href":"https:\/\/api.w.org\/{rel}","templated":true}]}}